{"id":326,"date":"2024-03-28T12:12:19","date_gmt":"2024-03-28T12:12:19","guid":{"rendered":"https:\/\/cad-q.webs.upv.es\/?page_id=326"},"modified":"2024-05-14T14:16:16","modified_gmt":"2024-05-14T12:16:16","slug":"objectives","status":"publish","type":"page","link":"https:\/\/cad-q.webs.upv.es\/es\/a5213-home\/objectives\/","title":{"rendered":"Objetivos"},"content":{"rendered":"<div style=\"height:100px\" aria-hidden=\"true\" class=\"wp-block-spacer\"><\/div>\n\n\n\n<p>El objetivo del projecto es <strong>triple<\/strong>:<\/p>\n\n\n\n<div id=\"wp-block-themeisle-blocks-advanced-columns-36e80920\" class=\"wp-block-themeisle-blocks-advanced-columns has-3-columns has-desktop-equal-layout has-tablet-equal-layout has-mobile-collapsedRows-layout has-vertical-center\"><div class=\"wp-block-themeisle-blocks-advanced-columns-overlay\"><\/div><div class=\"innerblocks-wrap\">\n<div id=\"wp-block-themeisle-blocks-advanced-column-30de61b0\" class=\"wp-block-themeisle-blocks-advanced-column has-dark-bg\"><div class=\"wp-block-image\">\n<figure class=\"aligncenter size-thumbnail\"><img loading=\"lazy\" decoding=\"async\" width=\"150\" height=\"150\" src=\"https:\/\/cad-q.webs.upv.es\/wp-content\/uploads\/2024\/04\/GraphIcon-150x150.png\" alt=\"\" class=\"wp-image-510\" style=\"object-fit:cover\" srcset=\"https:\/\/cad-q.webs.upv.es\/wp-content\/uploads\/2024\/04\/GraphIcon-150x150.png 150w, https:\/\/cad-q.webs.upv.es\/wp-content\/uploads\/2024\/04\/GraphIcon-300x300.png 300w, https:\/\/cad-q.webs.upv.es\/wp-content\/uploads\/2024\/04\/GraphIcon.png 512w\" sizes=\"auto, (max-width: 150px) 100vw, 150px\" \/><\/figure>\n<\/div>\n\n\n<div style=\"height:25px\" aria-hidden=\"true\" class=\"wp-block-spacer\"><\/div>\n\n\n\n<p class=\"has-text-align-center\"><strong>Objetivo 1<\/strong><\/p>\n\n\n\n<p class=\"has-text-align-center\">Determinar el alcance y tama\u00f1o de los problemas relacionados con la calidad del CAD en entornos industriales mediante m\u00e9todos de investigaci\u00f3n cualitativa y cuantitativa, desarrollando un modelo formal de costos.<\/p>\n<\/div>\n\n\n\n<div id=\"wp-block-themeisle-blocks-advanced-column-488109aa\" class=\"wp-block-themeisle-blocks-advanced-column has-dark-bg\"><div class=\"wp-block-image\">\n<figure class=\"aligncenter size-thumbnail\"><img loading=\"lazy\" decoding=\"async\" width=\"150\" height=\"150\" src=\"https:\/\/cad-q.webs.upv.es\/wp-content\/uploads\/2024\/04\/ListIcon-150x150.png\" alt=\"\" class=\"wp-image-505\" srcset=\"https:\/\/cad-q.webs.upv.es\/wp-content\/uploads\/2024\/04\/ListIcon-150x150.png 150w, https:\/\/cad-q.webs.upv.es\/wp-content\/uploads\/2024\/04\/ListIcon-300x300.png 300w, https:\/\/cad-q.webs.upv.es\/wp-content\/uploads\/2024\/04\/ListIcon.png 512w\" sizes=\"auto, (max-width: 150px) 100vw, 150px\" \/><\/figure>\n<\/div>\n\n\n<div style=\"height:25px\" aria-hidden=\"true\" class=\"wp-block-spacer\"><\/div>\n\n\n\n<p class=\"has-text-align-center\"><strong>Objetivo 2<\/strong><\/p>\n\n\n\n<p class=\"has-text-align-center\">Elaborar una propuesta de metodolog\u00edas formales de modelado para la creaci\u00f3n de modelos s\u00f3lidos y de superficie de alta calidad en sistemas CAD basados en caracter\u00edsticas param\u00e9tricas.<\/p>\n<\/div>\n\n\n\n<div id=\"wp-block-themeisle-blocks-advanced-column-97072108\" class=\"wp-block-themeisle-blocks-advanced-column has-dark-bg\"><div class=\"wp-block-image\">\n<figure class=\"aligncenter size-thumbnail\"><img loading=\"lazy\" decoding=\"async\" width=\"150\" height=\"150\" src=\"https:\/\/cad-q.webs.upv.es\/wp-content\/uploads\/2024\/04\/ToolIcon-150x150.png\" alt=\"\" class=\"wp-image-507\" srcset=\"https:\/\/cad-q.webs.upv.es\/wp-content\/uploads\/2024\/04\/ToolIcon-150x150.png 150w, https:\/\/cad-q.webs.upv.es\/wp-content\/uploads\/2024\/04\/ToolIcon-300x300.png 300w, https:\/\/cad-q.webs.upv.es\/wp-content\/uploads\/2024\/04\/ToolIcon.png 512w\" sizes=\"auto, (max-width: 150px) 100vw, 150px\" \/><\/figure>\n<\/div>\n\n\n<div style=\"height:25px\" aria-hidden=\"true\" class=\"wp-block-spacer\"><\/div>\n\n\n\n<p class=\"has-text-align-center\"><strong>Objetivo 3<\/strong><\/p>\n\n\n\n<p class=\"has-text-align-center\">Implementar herramientas para apoyar el desarrollo y la validaci\u00f3n de metodolog\u00edas de modelado formal.<\/p>\n<\/div>\n<\/div><\/div>\n\n\n\n<div style=\"height:50px\" aria-hidden=\"true\" class=\"wp-block-spacer\"><\/div>\n\n\n\n<p>El alcance y dimensionamiento del problema se abordar\u00e1n tanto cualitativamente mediante cuestionarios y entrevistas semiestructuradas, como cuantitativamente mediante el desarrollo de un rastreador de actividad del usuario y el an\u00e1lisis de registros de actividad de modelado y archivos de registro de CAD para desagregar las tareas realizadas por un usuario en una sesi\u00f3n de trabajo y cuantificar el tiempo dedicado a corregir errores de regeneraci\u00f3n. Estas tareas proporcionar\u00e1n la informaci\u00f3n necesaria para el desarrollo de un modelo formal de costos asociado a la baja calidad de los modelos CAD.<\/p>\n\n\n\n<p>Dado el reducido n\u00famero de metodolog\u00edas formales disponibles p\u00fablicamente y su efectividad cuestionable para producir el tipo de modelos de calidad requeridos para este proyecto, aprovecharemos los resultados de proyectos de investigaci\u00f3n recientes y la vasta experiencia de los miembros del grupo de investigaci\u00f3n para definir una estrategia de modelado de s\u00f3lidos y superficies que permita la creaci\u00f3n de modelos de alta calidad de manera sistem\u00e1tica.<\/p>\n\n\n\n<p>Para guiar el desarrollo y validaci\u00f3n de las metodolog\u00edas de modelado, proponemos la implementaci\u00f3n de un conjunto de herramientas para evaluar la reutilizaci\u00f3n de los modelos y su rendimiento de regeneraci\u00f3n, y verificar de manera automatizada la preservaci\u00f3n de la intenci\u00f3n de dise\u00f1o cuando se editan los modelos.<\/p>\n\n\n\n<p>El proyecto cubrir\u00e1 <strong>cuatro objetivos principales<\/strong>:<\/p>\n\n\n\n<div id=\"wp-block-themeisle-blocks-accordion-154955f8\" class=\"wp-block-themeisle-blocks-accordion exclusive\">\n<details class=\"wp-block-themeisle-blocks-accordion-item\"><summary class=\"wp-block-themeisle-blocks-accordion-item__title\"><div><strong>G1<\/strong>. <em>Determinar el alcance y tama\u00f1o de los problemas relacionados con la calidad del CAD en entornos industriales mediante m\u00e9todos de investigaci\u00f3n cualitativa y cuantitativa, desarrollando un modelo formal de costos.<\/em><\/div><\/summary><div class=\"wp-block-themeisle-blocks-accordion-item__content\">\n<p>Este objetivo general comprende los siguientes objetivos espec\u00edficos:<\/p>\n\n\n\n<p><strong>S1.1<\/strong>. Desarrollo de un modelo formal para determinar los costos inducidos por modelos de baja calidad (PI1).<\/p>\n\n\n\n<p><strong>S1.2<\/strong>. Realizar un estudio cualitativo para identificar problemas relacionados con la calidad del CAD (PI1).<\/p>\n\n\n\n<p><strong>S1.3<\/strong>. Realizar un estudio cuantitativo para dimensionar los problemas relacionados con la calidad del CAD (PI2).<\/p>\n<\/div><\/details>\n\n\n\n<details class=\"wp-block-themeisle-blocks-accordion-item\"><summary class=\"wp-block-themeisle-blocks-accordion-item__title\"><div><strong>G2<\/strong>. <em>Elabora una propuesta de metodolog\u00edas de modelado formal para la creaci\u00f3n de modelos s\u00f3lidos y de superficie de alta calidad en sistemas CAD param\u00e9tricos basados en caracter\u00edsticas.<\/em><\/div><\/summary><div class=\"wp-block-themeisle-blocks-accordion-item__content\">\n<p>Este objetivo general comprende los siguientes objetivos espec\u00edficos:<\/p>\n\n\n\n<p><strong>S2.1.<\/strong> Desarrollo de una metodolog\u00eda de modelado formal para modelos s\u00f3lidos (PI2).<\/p>\n\n\n\n<p><strong>S2.2.<\/strong> Desarrollo de una metodolog\u00eda de modelado formal para modelos de superficie (PI1).<\/p>\n\n\n\n<p><strong>S2.3.<\/strong> Evaluaci\u00f3n de las metodolog\u00edas frente a metodolog\u00edas de vanguardia (PI1).<\/p>\n<\/div><\/details>\n\n\n\n<details class=\"wp-block-themeisle-blocks-accordion-item\"><summary class=\"wp-block-themeisle-blocks-accordion-item__title\"><div><strong>G3<\/strong>. <em>Implementar herramientas para apoyar el desarrollo y la validaci\u00f3n de metodolog\u00edas de modelado formal.<\/em><\/div><\/summary><div class=\"wp-block-themeisle-blocks-accordion-item__content\">\n<p>Este objetivo general comprende los siguientes objetivos espec\u00edficos:<\/p>\n\n\n\n<p><strong>S3.1.<\/strong> Desarrollo de m\u00e9tricas y herramientas para medir la reutilizaci\u00f3n y los tiempos de regeneraci\u00f3n (PI1).<\/p>\n\n\n\n<p><strong>S3.2.<\/strong> Desarrollo de m\u00e9tricas y herramientas para verificar la preservaci\u00f3n de la intenci\u00f3n de dise\u00f1o (PI2).<\/p>\n<\/div><\/details>\n\n\n\n<details class=\"wp-block-themeisle-blocks-accordion-item\"><summary class=\"wp-block-themeisle-blocks-accordion-item__title\"><div><strong>G4<\/strong>. <em>Diseminar los resultados del proyecto a la comunidad cient\u00edfica y transferir los resultados a la industria.<\/em><\/div><\/summary><div class=\"wp-block-themeisle-blocks-accordion-item__content\">\n<p>Este objetivo general comprende los siguientes objetivos espec\u00edficos:<\/p>\n\n\n\n<p><strong>S4.1<\/strong>. Realizar las tareas de coordinaci\u00f3n y gesti\u00f3n del proyecto (PI1 y PI2).<\/p>\n\n\n\n<p><strong>S4.2.<\/strong> Diseminar los resultados del proyecto a la industria (PI1).<\/p>\n\n\n\n<p><strong>S4.3.<\/strong> Publicar al menos seis art\u00edculos en revistas de alto impacto y presentar al menos tres ponencias en conferencias internacionales de alto nivel durante la ejecuci\u00f3n del proyecto (PI1 y PI2).<\/p>\n<\/div><\/details>\n<\/div>\n\n\n\n<div style=\"height:100px\" aria-hidden=\"true\" class=\"wp-block-spacer\"><\/div>\n\n\n\n<div style=\"height:100px\" aria-hidden=\"true\" class=\"wp-block-spacer\"><\/div>","protected":false},"excerpt":{"rendered":"<p>The objective of the project is threefold: Problem scoping and sizing will be approached both qualitatively through questionnaires and semi-structured interviews as well as quantitatively through the development of a user activity tracker and the analysis of modeling activity logs and CAD journal files to disaggregate the tasks performed by a user in a work&hellip;&nbsp;<a href=\"https:\/\/cad-q.webs.upv.es\/es\/a5213-home\/objectives\/\" rel=\"bookmark\">Leer m\u00e1s &raquo;<span class=\"screen-reader-text\">Objetivos<\/span><\/a><\/p>","protected":false},"author":1,"featured_media":0,"parent":306,"menu_order":0,"comment_status":"closed","ping_status":"closed","template":"","meta":{"neve_meta_sidebar":"","neve_meta_container":"","neve_meta_enable_content_width":"","neve_meta_content_width":0,"neve_meta_title_alignment":"","neve_meta_author_avatar":"","neve_post_elements_order":"","neve_meta_disable_header":"","neve_meta_disable_footer":"","neve_meta_disable_title":"off","_themeisle_gutenberg_block_has_review":false,"footnotes":""},"class_list":["post-326","page","type-page","status-publish","hentry"],"_links":{"self":[{"href":"https:\/\/cad-q.webs.upv.es\/es\/wp-json\/wp\/v2\/pages\/326","targetHints":{"allow":["GET"]}}],"collection":[{"href":"https:\/\/cad-q.webs.upv.es\/es\/wp-json\/wp\/v2\/pages"}],"about":[{"href":"https:\/\/cad-q.webs.upv.es\/es\/wp-json\/wp\/v2\/types\/page"}],"author":[{"embeddable":true,"href":"https:\/\/cad-q.webs.upv.es\/es\/wp-json\/wp\/v2\/users\/1"}],"replies":[{"embeddable":true,"href":"https:\/\/cad-q.webs.upv.es\/es\/wp-json\/wp\/v2\/comments?post=326"}],"version-history":[{"count":19,"href":"https:\/\/cad-q.webs.upv.es\/es\/wp-json\/wp\/v2\/pages\/326\/revisions"}],"predecessor-version":[{"id":788,"href":"https:\/\/cad-q.webs.upv.es\/es\/wp-json\/wp\/v2\/pages\/326\/revisions\/788"}],"up":[{"embeddable":true,"href":"https:\/\/cad-q.webs.upv.es\/es\/wp-json\/wp\/v2\/pages\/306"}],"wp:attachment":[{"href":"https:\/\/cad-q.webs.upv.es\/es\/wp-json\/wp\/v2\/media?parent=326"}],"curies":[{"name":"wp","href":"https:\/\/api.w.org\/{rel}","templated":true}]}}