{"id":334,"date":"2024-03-28T12:14:10","date_gmt":"2024-03-28T12:14:10","guid":{"rendered":"https:\/\/cad-q.webs.upv.es\/?page_id=334"},"modified":"2024-05-14T13:03:33","modified_gmt":"2024-05-14T11:03:33","slug":"expected-impact","status":"publish","type":"page","link":"https:\/\/cad-q.webs.upv.es\/es\/a5213-home\/expected-impact\/","title":{"rendered":"Impacto esperado"},"content":{"rendered":"<div style=\"height:100px\" aria-hidden=\"true\" class=\"wp-block-spacer\"><\/div>\n\n\n\n<p>Durante la \u00faltima d\u00e9cada, las principales empresas manufactureras han optado por utilizar modelos 3D como la principal fuente de informaci\u00f3n del producto, conocida como Definici\u00f3n Basada en Modelos (MBD, por sus siglas en ingl\u00e9s). Esta transici\u00f3n, parte de la estrategia de la Empresa Basada en Modelos (MBE), tiene como objetivo una integraci\u00f3n fluida a lo largo del ciclo de vida del producto. Sin embargo, el impacto econ\u00f3mico de los modelos CAD 3D de baja calidad en entornos industriales sigue siendo poco estudiado, lo que obstaculiza el progreso en esta \u00e1rea crucial.<\/p>\n\n\n\n<p>A trav\u00e9s de m\u00e9todos de investigaci\u00f3n cualitativos y cuantitativos, el proyecto proporcionar\u00e1 ideas valiosas sobre el alcance y la magnitud de los problemas asociados con la mala calidad del CAD. La difusi\u00f3n de los hallazgos a trav\u00e9s de canales cient\u00edficos y profesionales aumentar\u00e1 la conciencia y el apoyo para futuras investigaciones en este campo, contrarrestando la idea err\u00f3nea de que es un problema resuelto. Adem\u00e1s, CAD-Q tiene como objetivo cerrar la brecha actual en la investigaci\u00f3n al ofrecer metodolog\u00edas de modelado formal y marcos de validaci\u00f3n para la creaci\u00f3n de modelos CAD 3D de alta calidad. Esta informaci\u00f3n estar\u00e1 disponible de forma gratuita para estimular avances en la tecnolog\u00eda CAD y promover la colaboraci\u00f3n dentro de la comunidad internacional de investigaci\u00f3n.<\/p>\n\n\n\n<p>Alineado con el Plan Estatal de Investigaci\u00f3n Cient\u00edfica, T\u00e9cnica y de Innovaci\u00f3n 2021-2023, el proyecto CAD-Q contribuye a la prioridad tem\u00e1tica de la transformaci\u00f3n digital en las industrias espa\u00f1olas. A medida que las empresas adoptan los principios de la Industria 4.0, la transici\u00f3n hacia una Empresa Basada en Modelos se vuelve crucial, con modelos CAD de alta calidad desempe\u00f1ando un papel central en las actividades de dise\u00f1o, an\u00e1lisis y fabricaci\u00f3n. A trav\u00e9s de su enfoque en metodolog\u00edas formales de modelado, CAD-Q tiene como objetivo abordar los problemas de costos de desarrollo y retrasos asociados con la baja calidad de CAD, apoyando en \u00faltima instancia los esfuerzos de digitalizaci\u00f3n industrial en Espa\u00f1a.<\/p>\n\n\n\n<div style=\"height:50px\" aria-hidden=\"true\" class=\"wp-block-spacer\"><\/div>\n\n\n\n<h3 class=\"wp-block-heading\">Impacto social y econ\u00f3mico de los resultados esperados.<\/h3>\n\n\n\n<p>Es com\u00fanmente asumido que crear un modelo 3D param\u00e9trico en sistemas CAD modernos asegura una f\u00e1cil modificaci\u00f3n y reutilizaci\u00f3n. Sin embargo, los sistemas CAD ofrecen numerosas alternativas de construcci\u00f3n, y c\u00f3mo se construye el modelo es crucial. Muchas empresas, incapaces de editar modelos param\u00e9tricos, recurren a estrategias de edici\u00f3n directa, perdiendo los beneficios de la geometr\u00eda param\u00e9trica para la generaci\u00f3n autom\u00e1tica de alternativas y la optimizaci\u00f3n del dise\u00f1o. Este proyecto proporcionar\u00e1 metodolog\u00edas de modelado formal probadas de manera gratuita a las industrias que utilizan sistemas CAD param\u00e9tricos, con impactos econ\u00f3micos positivos. Adem\u00e1s, los resultados cient\u00edficos de CAD-Q se alinean con los Objetivos de Desarrollo Sostenible (ODS), particularmente:<\/p>\n\n\n\n<ul class=\"wp-block-list\">\n<li><strong>Objetivo 8<\/strong>: Promover el crecimiento econ\u00f3mico sostenido, inclusivo y el trabajo decente.<\/li>\n\n\n\n<li><strong>Objetivo 9<\/strong>: Construir infraestructuras resilientes y fomentar la innovaci\u00f3n.<\/li>\n\n\n\n<li><strong>Objetivo 16<\/strong>: Promover sociedades inclusivas y garantizar el acceso p\u00fablico a la informaci\u00f3n.<\/li>\n<\/ul>\n\n\n\n<div style=\"height:50px\" aria-hidden=\"true\" class=\"wp-block-spacer\"><\/div>\n\n\n\n<h3 class=\"wp-block-heading\">Comunicaci\u00f3n cient\u00edfica e internacionalizaci\u00f3n de los resultados.<\/h3>\n\n\n\n<p>Nuestro plan de difusi\u00f3n establece la producci\u00f3n de dos art\u00edculos impactantes anualmente, con un total de al menos seis trabajos indexados, de los cuales cuatro est\u00e9n en el cuartil superior del JCR. Adem\u00e1s, tenemos como objetivo participar en una conferencia internacional de alto rango cada a\u00f1o. Se dar\u00e1 prioridad a las publicaciones en revistas si los fondos son limitados. Las revistas espec\u00edficas incluyen Computer-Aided Design, Computers in Industry y Journal of Mechanical Design, entre otras.<\/p>\n\n\n\n<p>Conferencias relevantes para nuestro proyecto incluyen la Conferencia CAD, ASME IDETC\/CIE y ASME IMECE. Aunque nuestra participaci\u00f3n en conferencias est\u00e1 limitada para controlar costos, mantendremos una fuerte presencia en redes sociales en plataformas como ResearchGate y LinkedIn para una difusi\u00f3n eficiente. Todas las publicaciones estar\u00e1n accesibles de forma abierta a trav\u00e9s de repositorios institucionales, garantizando una visibilidad m\u00e1xima. Nuestro objetivo es fortalecer nuestra posici\u00f3n internacional invitando a expertos de renombre como el Prof. Ferrucio Mandorli y facilitando la colaboraci\u00f3n con instituciones como la Universidad de Purdue. Estos esfuerzos fortalecer\u00e1n la visibilidad de nuestro equipo de investigaci\u00f3n y establecer\u00e1n una red internacional s\u00f3lida en nuestro campo.<\/p>\n\n\n\n<div style=\"height:50px\" aria-hidden=\"true\" class=\"wp-block-spacer\"><\/div>\n\n\n\n<h3 class=\"wp-block-heading\">Difusi\u00f3n de los resultados a los grupos m\u00e1s relevantes para el tema del proyecto y a la sociedad en general.<\/h3>\n\n\n\n<p>Tenemos la intenci\u00f3n de utilizar las asociaciones empresariales de aquellos sectores que utilizan intensivamente herramientas de modelado CAD como veh\u00edculo de comunicaci\u00f3n con sus empresas asociadas.<\/p>\n\n\n\n<div id=\"wp-block-themeisle-blocks-accordion-d35495b5\" class=\"wp-block-themeisle-blocks-accordion exclusive\">\n<details class=\"wp-block-themeisle-blocks-accordion-item\"><summary class=\"wp-block-themeisle-blocks-accordion-item__title\"><div>INDUSTRIA AUTOMOTRIZ<\/div><\/summary><div class=\"wp-block-themeisle-blocks-accordion-item__content\">\n<p><strong>ACICAE<\/strong>, el Cluster de la Automoci\u00f3n de Euskadi, <strong>CIAC<\/strong> Cl\u00faster de la Ind\u00fastria de l&#8217;Automoci\u00f3 de Catalunya, <strong>MCA<\/strong> Madrid Cluster de Automoci\u00f3n, <strong>AVIA<\/strong> Asociaci\u00f3n Valenciana de la Industria de la Automoci\u00f3n.<\/p>\n<\/div><\/details>\n\n\n\n<details class=\"wp-block-themeisle-blocks-accordion-item\"><summary class=\"wp-block-themeisle-blocks-accordion-item__title\"><div>INDUSTRIA DE HERRAMIENTAS Y M\u00c1QUINAS<\/div><\/summary><div class=\"wp-block-themeisle-blocks-accordion-item__content\">\n<p><strong>AIMME<\/strong> (Asociaci\u00f3n de la Industria Metal-Mec\u00e1nica de la Comunitat Valenciana), <strong>AFM<\/strong> (Asociaci\u00f3n de Fabricantes de M\u00e1quinas-herramienta), <strong>ANSEMAT <\/strong>(Asociaci\u00f3n Nacional de Maquinaria Agropecuaria, Forestal y de Espacios Verdes),<strong> SERCOBE <\/strong>(Asociaci\u00f3n Nacional de Fabricantes de Bienes de Equipo).<\/p>\n<\/div><\/details>\n\n\n\n<details class=\"wp-block-themeisle-blocks-accordion-item\"><summary class=\"wp-block-themeisle-blocks-accordion-item__title\"><div>INDUSTRIA AEROESPACIAL<\/div><\/summary><div class=\"wp-block-themeisle-blocks-accordion-item__content\">\n<p><strong>TEDAE <\/strong>(Asociaci\u00f3n Espa\u00f1ola de Empresas Tecnol\u00f3gicas de Defensa, Aeron\u00e1utica y Espacio), <strong>Espai Aero<\/strong> (Cl\u00faster Aeroespacial de la Comunidad Valenciana), <strong>Andaluc\u00eda Aerospace<\/strong>.<\/p>\n<\/div><\/details>\n<\/div>\n\n\n\n<p>Las metodolog\u00edas de modelado desarrolladas en este proyecto tambi\u00e9n ser\u00e1n aplicables a la educaci\u00f3n en CAD y la formaci\u00f3n t\u00e9cnica. Apoyar\u00e1n un enfoque de ense\u00f1anza estrat\u00e9gica de CAD impregnado de una cultura de calidad desde el inicio de la formaci\u00f3n. Los profesionales en CAD que est\u00e9n mejor preparados ser\u00e1n m\u00e1s productivos y generar\u00e1n un impacto positivo en las empresas que los emplean. Para este grupo, se realizar\u00e1n acciones espec\u00edficas para informar sobre los resultados del proyecto CAD-Q:<\/p>\n\n\n\n<ul class=\"wp-block-list\">\n<li><strong>Profesores de universidad en \u00e1reas relacionadas con CAD<\/strong>: el proyecto se difundir\u00e1 a trav\u00e9s de las asociaciones INGEGRAF (Asociaci\u00f3n de Profesores de Expresi\u00f3n Gr\u00e1fica en la Ingenier\u00eda) y AEIPRO (Asociaci\u00f3n de los Profesionales de la Direcci\u00f3n e Ingenier\u00eda de Proyectos de Espa\u00f1a).<\/li>\n\n\n\n<li><strong>Principales proveedores de soluciones CAD en Espa\u00f1a<\/strong> que ofrezcan formaci\u00f3n t\u00e9cnica.<\/li>\n<\/ul>\n\n\n\n<div style=\"height:50px\" aria-hidden=\"true\" class=\"wp-block-spacer\"><\/div>\n\n\n\n<h3 class=\"wp-block-heading\">Plan de transferencia y valorizaci\u00f3n de resultados<\/h3>\n\n\n\n<p>Aunque el proyecto CAD-Q est\u00e1 orientado al desarrollo de nuevo conocimiento cient\u00edfico, las herramientas de software que se desarrollar\u00e1n en el proyecto para apoyar el desarrollo de las metodolog\u00edas de modelado y los materiales de formaci\u00f3n para aprender a implementar las metodolog\u00edas desarrolladas podr\u00edan potencialmente convertirse en la tecnolog\u00eda central de un servicio comercial de formaci\u00f3n en l\u00ednea en el futuro. Hay cuatro socios industriales principales que han expresado inter\u00e9s en los resultados del proyecto:<\/p>\n\n\n\n<div id=\"wp-block-themeisle-blocks-advanced-columns-a0fe1231\" class=\"wp-block-themeisle-blocks-advanced-columns has-4-columns has-desktop-equal-layout has-tablet-equal-layout has-mobile-collapsedRows-layout has-vertical-center\"><div class=\"wp-block-themeisle-blocks-advanced-columns-overlay\"><\/div><div class=\"innerblocks-wrap\">\n<div id=\"wp-block-themeisle-blocks-advanced-column-40e6cf9a\" class=\"wp-block-themeisle-blocks-advanced-column\"><div class=\"wp-block-image\">\n<figure class=\"aligncenter size-full\"><img loading=\"lazy\" decoding=\"async\" width=\"2560\" height=\"236\" src=\"https:\/\/cad-q.webs.upv.es\/wp-content\/uploads\/2024\/04\/STADLER.png\" alt=\"\" class=\"wp-image-673\" srcset=\"https:\/\/cad-q.webs.upv.es\/wp-content\/uploads\/2024\/04\/STADLER.png 2560w, https:\/\/cad-q.webs.upv.es\/wp-content\/uploads\/2024\/04\/STADLER-300x28.png 300w, https:\/\/cad-q.webs.upv.es\/wp-content\/uploads\/2024\/04\/STADLER-1024x94.png 1024w, https:\/\/cad-q.webs.upv.es\/wp-content\/uploads\/2024\/04\/STADLER-768x71.png 768w, https:\/\/cad-q.webs.upv.es\/wp-content\/uploads\/2024\/04\/STADLER-1536x142.png 1536w, https:\/\/cad-q.webs.upv.es\/wp-content\/uploads\/2024\/04\/STADLER-2048x189.png 2048w\" sizes=\"auto, (max-width: 2560px) 100vw, 2560px\" \/><\/figure>\n<\/div><\/div>\n\n\n\n<div id=\"wp-block-themeisle-blocks-advanced-column-b5d720ab\" class=\"wp-block-themeisle-blocks-advanced-column\"><div class=\"wp-block-image\">\n<figure class=\"aligncenter size-full\"><img loading=\"lazy\" decoding=\"async\" width=\"337\" height=\"100\" src=\"https:\/\/cad-q.webs.upv.es\/wp-content\/uploads\/2024\/04\/ROVIMATICA.png\" alt=\"\" class=\"wp-image-674\" srcset=\"https:\/\/cad-q.webs.upv.es\/wp-content\/uploads\/2024\/04\/ROVIMATICA.png 337w, https:\/\/cad-q.webs.upv.es\/wp-content\/uploads\/2024\/04\/ROVIMATICA-300x89.png 300w\" sizes=\"auto, (max-width: 337px) 100vw, 337px\" \/><\/figure>\n<\/div><\/div>\n\n\n\n<div id=\"wp-block-themeisle-blocks-advanced-column-a05545a3\" class=\"wp-block-themeisle-blocks-advanced-column\"><div class=\"wp-block-image\">\n<figure class=\"aligncenter size-full\"><img loading=\"lazy\" decoding=\"async\" width=\"1024\" height=\"392\" src=\"https:\/\/cad-q.webs.upv.es\/wp-content\/uploads\/2024\/04\/Tecnobit.png\" alt=\"\" class=\"wp-image-675\" srcset=\"https:\/\/cad-q.webs.upv.es\/wp-content\/uploads\/2024\/04\/Tecnobit.png 1024w, https:\/\/cad-q.webs.upv.es\/wp-content\/uploads\/2024\/04\/Tecnobit-300x115.png 300w, https:\/\/cad-q.webs.upv.es\/wp-content\/uploads\/2024\/04\/Tecnobit-768x294.png 768w\" sizes=\"auto, (max-width: 1024px) 100vw, 1024px\" \/><\/figure>\n<\/div><\/div>\n\n\n\n<div id=\"wp-block-themeisle-blocks-advanced-column-1035d44a\" class=\"wp-block-themeisle-blocks-advanced-column\"><div class=\"wp-block-image\">\n<figure class=\"aligncenter size-full\"><img loading=\"lazy\" decoding=\"async\" width=\"368\" height=\"166\" src=\"https:\/\/cad-q.webs.upv.es\/wp-content\/uploads\/2024\/04\/zumex.png\" alt=\"\" class=\"wp-image-676\" srcset=\"https:\/\/cad-q.webs.upv.es\/wp-content\/uploads\/2024\/04\/zumex.png 368w, https:\/\/cad-q.webs.upv.es\/wp-content\/uploads\/2024\/04\/zumex-300x135.png 300w\" sizes=\"auto, (max-width: 368px) 100vw, 368px\" \/><\/figure>\n<\/div><\/div>\n<\/div><\/div>\n\n\n\n<div style=\"height:50px\" aria-hidden=\"true\" class=\"wp-block-spacer\"><\/div>\n\n\n\n<p><\/p>\n\n\n\n<h3 class=\"wp-block-heading\">Plan de gesti\u00f3n del resumen de los datos planificados<\/h3>\n\n\n\n<p>Los datos generados en este proyecto provendr\u00e1n de experimentos y los desarrollos asociados. M\u00e1s espec\u00edficamente, se generar\u00e1n modelos CAD y documentos asociados, prototipos de software, c\u00f3digo fuente, informes, resultados de cuestionarios y manuscritos preliminares. Los datos se generar\u00e1n en los siguientes formatos: formatos nativos de CAD, exe, dll, vb, csv, docx y pdf. Los tama\u00f1os de los datos no se conocen de antemano, pero ser\u00e1n menores a 10 GB en total, con archivos m\u00e1s peque\u00f1os de 100 MB.<\/p>\n\n\n\n<div id=\"wp-block-themeisle-blocks-accordion-9624c4af\" class=\"wp-block-themeisle-blocks-accordion exclusive\">\n<details class=\"wp-block-themeisle-blocks-accordion-item\"><summary class=\"wp-block-themeisle-blocks-accordion-item__title\"><div><em>Documentaci\u00f3n y calidad de los datos<\/em><\/div><\/summary><div class=\"wp-block-themeisle-blocks-accordion-item__content\">\n<p>El esquema de metadatos est\u00e1ndar utilizado para describir nuestro conjunto de datos ser\u00e1 el Esquema de Dublin Core. Se crear\u00e1 un directorio para cada tipo de dato, y el nombre del archivo seguir\u00e1 el siguiente esquema: . Para la versi\u00f3n, se utilizar\u00e1 el Sistema de Control de Versiones Subversion (SVN). Adem\u00e1s, se crear\u00e1 un archivo README.txt que acompa\u00f1ar\u00e1 a los otros archivos con los datos de investigaci\u00f3n. Se utilizar\u00e1 una plantilla creada por la UPV que indicar\u00e1 la metodolog\u00eda utilizada, las variables empleadas, etc.<\/p>\n<\/div><\/details>\n\n\n\n<details class=\"wp-block-themeisle-blocks-accordion-item\"><summary class=\"wp-block-themeisle-blocks-accordion-item__title\"><div><em>Almacenamiento y copia de seguridad<\/em><\/div><\/summary><div class=\"wp-block-themeisle-blocks-accordion-item__content\">\n<p>Para garantizar que los datos sean FAIR, se utilizar\u00e1 el servicio OneDrive al que la UPV est\u00e1 suscrita para almacenar y gestionar los datos y metadatos generados. Se crear\u00e1 un grupo compuesto por los investigadores del proyecto para compartir la informaci\u00f3n. Los investigadores ser\u00e1n identificados utilizando el sistema de autenticaci\u00f3n de la UPV. En cuanto a la seguridad, el servicio garantiza la integridad de los datos, as\u00ed como el cumplimiento de las regulaciones espa\u00f1olas de protecci\u00f3n de datos (LOPD) y seguridad en los servicios (ENS). Los datos en bruto se mantendr\u00e1n permanentemente en una carpeta espec\u00edfica.<\/p>\n<\/div><\/details>\n\n\n\n<details class=\"wp-block-themeisle-blocks-accordion-item\"><summary class=\"wp-block-themeisle-blocks-accordion-item__title\"><div><em><em>Requisitos legales y \u00e9ticos, c\u00f3digos de conducta<\/em><\/em><\/div><\/summary><div class=\"wp-block-themeisle-blocks-accordion-item__content\">\n<p>Todas las actividades realizadas en este proyecto cumplen con los principios \u00e9ticos y la legislaci\u00f3n europea e internacional en esta \u00e1rea. El proyecto no almacenar\u00e1 datos personales. En cuanto a la accesibilidad, los datos asociados con las publicaciones cient\u00edficas estar\u00e1n disponibles abiertamente, excepto por el c\u00f3digo y documentos que comprometen la protecci\u00f3n de la propiedad intelectual de un tercero. En cualquier caso, se cumple con la Pol\u00edtica de Protecci\u00f3n de Datos de la Universidad Polit\u00e9cnica de Valencia, que se compromete con un uso \u00e9tico y legal de los datos.<\/p>\n<\/div><\/details>\n\n\n\n<details class=\"wp-block-themeisle-blocks-accordion-item\"><summary class=\"wp-block-themeisle-blocks-accordion-item__title\"><div><em><em><em>Intercambio y preservaci\u00f3n de datos a largo plazo<\/em><\/em><\/em><\/div><\/summary><div class=\"wp-block-themeisle-blocks-accordion-item__content\">\n<p>Los datos se ofrecer\u00e1n bajo solicitud a investigadores y estar\u00e1n accesibles tan pronto como se divulguen a trav\u00e9s de publicaciones cient\u00edficas. No hay restricciones sobre el uso de los datos publicados, pero los usuarios deben citar al consorcio y la fuente en cualquier publicaci\u00f3n resultante. En cuanto a la preservaci\u00f3n, dado que no ser\u00e1 un volumen elevado de datos y podr\u00edan ser reutilizados, se almacenar\u00e1n en el repositorio de datos de investigaci\u00f3n ZENODO, o en el repositorio institucional RiuNet de la UPV. En el repositorio, se asignar\u00e1 un DOI a los datos, se describir\u00e1n con el esquema de metadatos correspondiente, cumpliendo con las directrices Openaire 4.0, y aquellos datos que puedan estar en acceso abierto ir\u00e1n acompa\u00f1ados bajo la Licencia Creative Commons BY-NC-ND para su reutilizaci\u00f3n. Todo esto se detallar\u00e1 en un completo Plan de Gesti\u00f3n de Datos, que se preparar\u00e1 utilizando la plataforma ARGOS.<\/p>\n<\/div><\/details>\n\n\n\n<details class=\"wp-block-themeisle-blocks-accordion-item\"><summary class=\"wp-block-themeisle-blocks-accordion-item__title\"><div><em><em><em><em>Responsabilidades y recursos de gesti\u00f3n de datos<\/em><\/em><\/em><\/em><\/div><\/summary><div class=\"wp-block-themeisle-blocks-accordion-item__content\">\n<p>El investigador principal del proyecto tiene la responsabilidad \u00faltima de la gesti\u00f3n de datos en el proyecto. Los costos de depositar el conjunto de datos con el proyecto y los recursos subsiguientes requeridos para que el conjunto de datos est\u00e9 disponible p\u00fablicamente ser\u00e1n cubiertos como parte del costo del servicio de la UPV.<\/p>\n<\/div><\/details>\n<\/div>\n\n\n\n<div style=\"height:50px\" aria-hidden=\"true\" class=\"wp-block-spacer\"><\/div>\n\n\n\n<h3 class=\"wp-block-heading\">Efectos de la inclusi\u00f3n de g\u00e9nero en el contenido de la propuesta<\/h3>\n\n\n\n<p>El proyecto propuesto es neutral en cuanto al g\u00e9nero porque tiene como objetivo mejorar una tecnolog\u00eda cr\u00edtica para el dise\u00f1o industrial, en la cual no hay influencia directa del g\u00e9nero del dise\u00f1ador. Adem\u00e1s, el equipo de investigaci\u00f3n incluye mujeres. Dicho esto, en el desarrollo del proyecto, se prestar\u00e1 especial atenci\u00f3n a los planes de igualdad que ya se utilizan en nuestras universidades.<\/p>\n\n\n\n<p>La UPV tiene un claro compromiso de incorporar la dimensi\u00f3n de g\u00e9nero en la actividad investigadora, como se especifica en el III Plan de Igualdad de la Universidad Polit\u00e9cnica de Valencia (2021-2024), que incluye un eje espec\u00edfico de Investigaci\u00f3n, Innovaci\u00f3n y Transferencia con un enfoque en G\u00e9nero y Sexualidad. Perspectiva de diversidad. La red de la Comisi\u00f3n Europea para promover la movilidad de la investigaci\u00f3n ha reconocido a la Universidad Polit\u00e9cnica de Valencia con el sello HR Excellence in Research (HRS4R) por su compromiso con la mejora continua de sus pol\u00edticas de recursos humanos de acuerdo con la Carta Europea de Investigadores y el C\u00f3digo de Conducta para la Contrataci\u00f3n de Investigadores. Asimismo, la UPV cuenta con una Unidad de Igualdad, que se encarga de promover y desarrollar pol\u00edticas transversales y sus acciones en el \u00e1mbito de la igualdad entre mujeres y hombres, entre otros, en el marco de la universidad.<\/p>\n\n\n\n<div style=\"height:100px\" aria-hidden=\"true\" class=\"wp-block-spacer\"><\/div>","protected":false},"excerpt":{"rendered":"<p>Over the past decade, leading manufacturing companies have shifted towards using 3D models as the primary source of product information, known as Model-Based Definition (MBD). This transition, part of the Model-Based Enterprise (MBE) strategy, aims for seamless integration throughout the product lifecycle. However, the economic impact of low-quality 3D CAD models in industrial settings remains&hellip;&nbsp;<a href=\"https:\/\/cad-q.webs.upv.es\/es\/a5213-home\/expected-impact\/\" rel=\"bookmark\">Leer m\u00e1s &raquo;<span class=\"screen-reader-text\">Impacto esperado<\/span><\/a><\/p>","protected":false},"author":1,"featured_media":0,"parent":306,"menu_order":0,"comment_status":"closed","ping_status":"closed","template":"","meta":{"neve_meta_sidebar":"","neve_meta_container":"","neve_meta_enable_content_width":"","neve_meta_content_width":0,"neve_meta_title_alignment":"","neve_meta_author_avatar":"","neve_post_elements_order":"","neve_meta_disable_header":"","neve_meta_disable_footer":"","neve_meta_disable_title":"off","_themeisle_gutenberg_block_has_review":false,"footnotes":""},"class_list":["post-334","page","type-page","status-publish","hentry"],"_links":{"self":[{"href":"https:\/\/cad-q.webs.upv.es\/es\/wp-json\/wp\/v2\/pages\/334","targetHints":{"allow":["GET"]}}],"collection":[{"href":"https:\/\/cad-q.webs.upv.es\/es\/wp-json\/wp\/v2\/pages"}],"about":[{"href":"https:\/\/cad-q.webs.upv.es\/es\/wp-json\/wp\/v2\/types\/page"}],"author":[{"embeddable":true,"href":"https:\/\/cad-q.webs.upv.es\/es\/wp-json\/wp\/v2\/users\/1"}],"replies":[{"embeddable":true,"href":"https:\/\/cad-q.webs.upv.es\/es\/wp-json\/wp\/v2\/comments?post=334"}],"version-history":[{"count":20,"href":"https:\/\/cad-q.webs.upv.es\/es\/wp-json\/wp\/v2\/pages\/334\/revisions"}],"predecessor-version":[{"id":781,"href":"https:\/\/cad-q.webs.upv.es\/es\/wp-json\/wp\/v2\/pages\/334\/revisions\/781"}],"up":[{"embeddable":true,"href":"https:\/\/cad-q.webs.upv.es\/es\/wp-json\/wp\/v2\/pages\/306"}],"wp:attachment":[{"href":"https:\/\/cad-q.webs.upv.es\/es\/wp-json\/wp\/v2\/media?parent=334"}],"curies":[{"name":"wp","href":"https:\/\/api.w.org\/{rel}","templated":true}]}}